{"id":157,"date":"2020-05-16T15:52:06","date_gmt":"2020-05-16T15:52:06","guid":{"rendered":"https:\/\/corporacionpba.org\/nuevo\/?page_id=157"},"modified":"2020-06-22T02:35:35","modified_gmt":"2020-06-22T02:35:35","slug":"donaciones","status":"publish","type":"page","link":"https:\/\/corporacionpba.org\/nuevo\/donaciones\/","title":{"rendered":"Donaciones"},"content":{"rendered":"<p>[et_pb_section fb_built=\u00bb1&#8243; custom_padding_last_edited=\u00bbon|tablet\u00bb admin_label=\u00bbHeader\u00bb _builder_version=\u00bb3.24.1&#8243; background_color=\u00bbrgba(244,195,102,0.87)\u00bb background_position=\u00bbbottom_center\u00bb custom_padding=\u00bb0px||0vw|||\u00bb custom_padding_tablet=\u00bb0px||0vw|||\u00bb custom_padding_phone=\u00bb0px|||\u00bb locked=\u00bboff\u00bb][et_pb_row custom_padding=\u00bb|30px||30px||true\u00bb custom_padding_tablet=\u00bb20px|30px||30px||true\u00bb custom_padding_phone=\u00bb29px|30px||30px||true\u00bb custom_margin=\u00bb|||\u00bb custom_padding_last_edited=\u00bbon|desktop\u00bb padding_2_tablet=\u00bb16px||\u00bb padding_1_last_edited=\u00bboff|desktop\u00bb padding_2_last_edited=\u00bbon|desktop\u00bb _builder_version=\u00bb3.24.1&#8243; box_shadow_style=\u00bbpreset7&#8243; box_shadow_horizontal=\u00bb0px\u00bb box_shadow_vertical=\u00bb154px\u00bb box_shadow_color=\u00bbrgba(255,255,255,0.61)\u00bb][et_pb_column type=\u00bb1_4&#8243; _builder_version=\u00bb3.22.5&#8243;][et_pb_text _builder_version=\u00bb3.24.1&#8243; text_font=\u00bbRoboto|700|||||||\u00bb text_text_color=\u00bb#74ba57&#8243; text_font_size=\u00bb18px\u00bb text_line_height=\u00bb1.8em\u00bb locked=\u00bboff\u00bb]<\/p>\n<p>Haz una donaci\u00f3n<\/p>\n<p>[\/et_pb_text][\/et_pb_column][et_pb_column type=\u00bb3_4&#8243; _builder_version=\u00bb3.22.5&#8243;][et_pb_text _builder_version=\u00bb3.24.1&#8243; text_font=\u00bb||||||||\u00bb header_font=\u00bbLora||||||||\u00bb header_text_color=\u00bb#256158&#8243; header_font_size=\u00bb78px\u00bb header_letter_spacing=\u00bb-1px\u00bb custom_margin=\u00bb-42px|||||\u00bb custom_padding=\u00bb29px|||||\u00bb header_font_size_tablet=\u00bb56px\u00bb header_font_size_phone=\u00bb33px\u00bb header_font_size_last_edited=\u00bbon|phone\u00bb locked=\u00bboff\u00bb]<\/p>\n<h1><em>T\u00fa<\/em><strong> Puedes<\/strong><\/h1>\n<h1>\u00a0 \u00a0 Ayudar Hoy<\/h1>\n<p>[\/et_pb_text][\/et_pb_column][\/et_pb_row][et_pb_row padding_top_2=\u00bb50px\u00bb padding_top_3=\u00bb20px\u00bb padding_2_tablet=\u00bb0px||\u00bb padding_3_tablet=\u00bb0px||\u00bb padding_2_last_edited=\u00bbon|tablet\u00bb padding_3_last_edited=\u00bbon|desktop\u00bb _builder_version=\u00bb3.22.6&#8243;][et_pb_column type=\u00bb1_4&#8243; _builder_version=\u00bb3.22.6&#8243;][et_pb_blurb title=\u00bbLAS ZONAS RURALES EN COLOMBIA\u00bb image=\u00bbhttps:\/\/corporacionpba.org\/nuevo\/wp-content\/uploads\/2020\/05\/food-bank_68.png\u00bb _builder_version=\u00bb3.24.1&#8243; header_level=\u00bbh5&#8243; header_font=\u00bbLora|700||on|||||\u00bb header_text_color=\u00bb#256158&#8243; header_font_size=\u00bb18px\u00bb header_line_height=\u00bb1.2em\u00bb body_font=\u00bb||||||||\u00bb body_font_size=\u00bb16px\u00bb body_line_height=\u00bb2em\u00bb text_orientation=\u00bbcenter\u00bb background_layout=\u00bbdark\u00bb custom_padding=\u00bb18px||0px|||\u00bb locked=\u00bboff\u00bb]<\/p>\n<p><span style=\"color: #314400;\">Juegan un papel esencial en la vida y desarrollo del pa\u00eds, constituyendo una fuente de riqueza inmensa en capital humano y recursos naturales.<\/span><\/p>\n<p>[\/et_pb_blurb][\/et_pb_column][et_pb_column type=\u00bb1_4&#8243; _builder_version=\u00bb3.22.6&#8243;][et_pb_blurb title=\u00bbSON ELLAS LAS QUE ENFRENTAN\u00bb image=\u00bbhttps:\/\/corporacionpba.org\/nuevo\/wp-content\/uploads\/2020\/05\/food-bank_66.png\u00bb _builder_version=\u00bb3.24.1&#8243; header_level=\u00bbh5&#8243; header_font=\u00bbLora|700||on|||||\u00bb header_text_color=\u00bb#256158&#8243; header_font_size=\u00bb18px\u00bb header_line_height=\u00bb1.2em\u00bb body_font=\u00bb||||||||\u00bb body_font_size=\u00bb16px\u00bb body_line_height=\u00bb2em\u00bb text_orientation=\u00bbcenter\u00bb background_layout=\u00bbdark\u00bb locked=\u00bboff\u00bb]<\/p>\n<p><span style=\"color: #435405;\">Con mayor intensidad los problemas que afectan al pa\u00eds: pobreza,\u00a0 desigualdad, violencia y desplazamiento.<\/span><\/p>\n<p>[\/et_pb_blurb][\/et_pb_column][et_pb_column type=\u00bb1_4&#8243; _builder_version=\u00bb3.22.6&#8243;][et_pb_blurb title=\u00bbT\u00da PUEDES CONTRIBUIR\u00bb image=\u00bbhttps:\/\/corporacionpba.org\/nuevo\/wp-content\/uploads\/2020\/05\/food-bank_65.png\u00bb _builder_version=\u00bb3.24.1&#8243; header_level=\u00bbh5&#8243; header_font=\u00bbLora|700||on|||||\u00bb header_text_color=\u00bb#256158&#8243; header_font_size=\u00bb18px\u00bb header_line_height=\u00bb1.2em\u00bb body_font=\u00bb||||||||\u00bb body_font_size=\u00bb16px\u00bb body_line_height=\u00bb2em\u00bb text_orientation=\u00bbcenter\u00bb background_layout=\u00bbdark\u00bb locked=\u00bboff\u00bb]<\/p>\n<p><span style=\"color: #435405;\">A que el campo colombiano tenga un desarrollo innovador, sostenible y humano.<\/span><\/p>\n<p>[\/et_pb_blurb][\/et_pb_column][et_pb_column type=\u00bb1_4&#8243; _builder_version=\u00bb3.22.6&#8243;][et_pb_blurb title=\u00bbUNA DONACI\u00d3N TUYA\u00bb image=\u00bbhttps:\/\/corporacionpba.org\/nuevo\/wp-content\/uploads\/2020\/05\/food-bank_67.png\u00bb _builder_version=\u00bb3.24.1&#8243; header_level=\u00bbh5&#8243; header_font=\u00bbLora|700||on|||||\u00bb header_text_color=\u00bb#256158&#8243; header_font_size=\u00bb18px\u00bb header_line_height=\u00bb1.2em\u00bb body_font=\u00bb||||||||\u00bb body_font_size=\u00bb16px\u00bb body_line_height=\u00bb2em\u00bb text_orientation=\u00bbcenter\u00bb background_layout=\u00bbdark\u00bb custom_margin=\u00bb23px|||||\u00bb locked=\u00bboff\u00bb]<\/p>\n<p><span style=\"color: #435405;\">Ayudar\u00e1 a que mas familias rurales puedan mejorar su calidad de vida.<\/span><\/p>\n<p><span style=\"color: #435405;\"><strong>\u00a1Ay\u00fadanos a lograrlo!<\/strong><\/span><\/p>\n<p>[\/et_pb_blurb][\/et_pb_column][\/et_pb_row][et_pb_row custom_padding=\u00bb|33px||35px||\u00bb custom_margin=\u00bb24px|auto||auto||\u00bb _builder_version=\u00bb3.24.1&#8243; background_color=\u00bbrgba(37,97,88,0.88)\u00bb][et_pb_column type=\u00bb4_4&#8243; _builder_version=\u00bb3.24.1&#8243;][et_pb_text _builder_version=\u00bb3.24.1&#8243; text_font=\u00bb||||||||\u00bb text_text_color=\u00bb#ffffff\u00bb text_font_size=\u00bb19px\u00bb text_line_height=\u00bb1.8em\u00bb header_font=\u00bb||||||||\u00bb header_2_font=\u00bb||||||||\u00bb width=\u00bb101.7%\u00bb custom_margin=\u00bb13px||12px|||\u00bb custom_margin_last_edited=\u00bbon|tablet\u00bb custom_padding=\u00bb|||||\u00bb text_font_size_tablet=\u00bb16px\u00bb text_font_size_phone=\u00bb15px\u00bb text_font_size_last_edited=\u00bbon|tablet\u00bb header_font_size_last_edited=\u00bbon|tablet\u00bb]<\/p>\n<p>Desde la Corporaci\u00f3n PBA trabajamos para revertir dicha situaci\u00f3n, procurando que los peque\u00f1os productores rurales se empoderen, desarrollen sus capacidades y ocupen el lugar que les corresponde, contando con la confianza, las organizaciones, la tecnolog\u00eda y los emprendimientos necesarios para superar sus condiciones de pobreza y mejorar su nivel y su calidad de vida.<\/p>\n<p>[\/et_pb_text][\/et_pb_column][\/et_pb_row][et_pb_row custom_padding=\u00bb69px|||||\u00bb _builder_version=\u00bb3.24.1&#8243; locked=\u00bboff\u00bb][et_pb_column type=\u00bb4_4&#8243; _builder_version=\u00bb3.24.1&#8243;][et_pb_button button_text=\u00bbHaz tu Donaci\u00f3n       \u00bb button_alignment=\u00bbcenter\u00bb _builder_version=\u00bb3.24.1&#8243; custom_button=\u00bbon\u00bb button_text_size=\u00bb21px\u00bb button_text_color=\u00bb#ffffff\u00bb button_bg_color=\u00bb#6eba5e\u00bb button_border_width=\u00bb3px\u00bb button_border_color=\u00bbrgba(0,0,0,0)\u00bb button_border_radius=\u00bb7px\u00bb button_letter_spacing=\u00bb2px\u00bb button_font=\u00bbArial|600||||on|||\u00bb button_icon=\u00bb%%141%%\u00bb button_icon_color=\u00bb#ffffff\u00bb button_on_hover=\u00bboff\u00bb box_shadow_style=\u00bbpreset2&#8243; box_shadow_blur=\u00bb8px\u00bb box_shadow_spread=\u00bb1px\u00bb custom_margin=\u00bb|-1px||||\u00bb custom_padding=\u00bb|58px||38px||\u00bb locked=\u00bboff\u00bb][\/et_pb_button][\/et_pb_column][\/et_pb_row][et_pb_row custom_padding=\u00bb0px||0px|||\u00bb custom_margin=\u00bb0vw|auto||auto||\u00bb _builder_version=\u00bb3.22.6&#8243; width=\u00bb100%\u00bb max_width=\u00bb100%\u00bb min_height=\u00bb71px\u00bb][et_pb_column type=\u00bb4_4&#8243; _builder_version=\u00bb3.22.5&#8243;][\/et_pb_column][\/et_pb_row][\/et_pb_section][et_pb_section fb_built=\u00bb1&#8243; custom_padding_last_edited=\u00bbon|tablet\u00bb admin_label=\u00bbHeader\u00bb _builder_version=\u00bb3.24.1&#8243; background_color=\u00bb#ffffff\u00bb background_position=\u00bbbottom_center\u00bb custom_margin=\u00bb-7px|||||\u00bb custom_padding=\u00bb21px||0vw|||\u00bb custom_padding_tablet=\u00bb40px|||\u00bb custom_padding_phone=\u00bb0px|||\u00bb locked=\u00bboff\u00bb][et_pb_row custom_padding=\u00bb16px|||||\u00bb custom_margin=\u00bb3px|auto||auto||\u00bb _builder_version=\u00bb3.24.1&#8243;][et_pb_column type=\u00bb4_4&#8243; _builder_version=\u00bb3.24.1&#8243;][et_pb_text _builder_version=\u00bb3.24.1&#8243; text_font=\u00bb||||||||\u00bb text_text_color=\u00bb#256158&#8243; text_font_size=\u00bb27px\u00bb text_line_height=\u00bb1.9em\u00bb custom_padding=\u00bb6px||7px|||\u00bb text_line_height_phone=\u00bb1.7em\u00bb text_line_height_last_edited=\u00bbon|desktop\u00bb]<\/p>\n<p><strong>Haz tu aporte voluntario:<\/strong><\/p>\n<p>[\/et_pb_text][\/et_pb_column][\/et_pb_row][et_pb_row custom_padding=\u00bb8px|||||\u00bb _builder_version=\u00bb3.24.1&#8243;][et_pb_column type=\u00bb1_2&#8243; _builder_version=\u00bb3.24.1&#8243;][et_pb_image src=\u00bbhttps:\/\/corporacionpba.org\/nuevo\/wp-content\/uploads\/2020\/06\/Davivienda2.jpg\u00bb _builder_version=\u00bb3.24.1&#8243; custom_margin=\u00bb15px|||||\u00bb][\/et_pb_image][\/et_pb_column][et_pb_column type=\u00bb1_2&#8243; _builder_version=\u00bb3.24.1&#8243;][et_pb_code _builder_version=\u00bb3.24.1&#8243; transform_scale_phone=\u00bb80%|80%\u00bb transform_scale_last_edited=\u00bbon|desktop\u00bb transform_translate_phone=\u00bb-58px|6px\u00bb transform_translate_last_edited=\u00bbon|tablet\u00bb transform_rotate_last_edited=\u00bbon|desktop\u00bb transform_skew_last_edited=\u00bbon|desktop\u00bb transform_origin_last_edited=\u00bbon|desktop\u00bb transform_styles_last_edited=\u00bbon|tablet\u00bb text_orientation=\u00bbcenter\u00bb width_last_edited=\u00bbon|desktop\u00bb locked=\u00bboff\u00bb]<\/p>\n<form action=\"https:\/\/www.paypal.com\/cgi-bin\/webscr\" method=\"post\" target=\"_top\"><!-- [et_pb_line_break_holder] --><input type=\"hidden\" name=\"cmd\" value=\"_s-xclick\" \/><!-- [et_pb_line_break_holder] --><input type=\"hidden\" name=\"hosted_button_id\" value=\"4823622KL4FGS\" \/><!-- [et_pb_line_break_holder] --><input type=\"image\" src=\"https:\/\/corporacionpba.org\/nuevo\/wp-content\/uploads\/2020\/06\/paypal-pagos.jpg\" border=\"0\" name=\"submit\" title=\"PayPal - The safer, easier way to pay online!\" alt=\"Donate with PayPal button\" \/><!-- [et_pb_line_break_holder] --><img loading=\"lazy\" decoding=\"async\" alt=\"\" border=\"0\" src=\"https:\/\/www.paypal.com\/en_CO\/i\/scr\/pixel.gif\" width=\"1\" height=\"1\" \/><!-- [et_pb_line_break_holder] --><\/form>\n<p><!-- [et_pb_line_break_holder] -->[\/et_pb_code][\/et_pb_column][\/et_pb_row][et_pb_row _builder_version=\u00bb3.24.1&#8243; locked=\u00bboff\u00bb][et_pb_column type=\u00bb4_4&#8243; _builder_version=\u00bb3.24.1&#8243;][et_pb_text _builder_version=\u00bb3.24.1&#8243; text_font=\u00bb||||||||\u00bb text_text_color=\u00bb#ffffff\u00bb text_font_size=\u00bb26px\u00bb text_line_height=\u00bb1.8em\u00bb custom_padding=\u00bb16px|||||\u00bb text_font_size_tablet=\u00bb21px\u00bb text_font_size_phone=\u00bb18px\u00bb text_font_size_last_edited=\u00bbon|phone\u00bb]<\/p>\n<p><span style=\"color: #256158;\">Si desea m\u00e1s informaci\u00f3n sobre las donaciones cont\u00e1ctenos al tel\u00e9fono, en Bogot\u00e1,\u00a0 (+57 1) 285 8688 o con las opciones a continuaci\u00f3n:<\/span><\/p>\n<p>[\/et_pb_text][\/et_pb_column][\/et_pb_row][et_pb_row custom_padding=\u00bb|||||true\u00bb custom_padding_tablet=\u00bb40px||\u00bb custom_padding_phone=\u00bb40px||||false|true\u00bb custom_margin=\u00bb|||||\u00bb custom_padding_last_edited=\u00bbon|desktop\u00bb padding_2_tablet=\u00bb16px||\u00bb padding_1_last_edited=\u00bboff|desktop\u00bb padding_2_last_edited=\u00bbon|desktop\u00bb _builder_version=\u00bb3.24.1&#8243; box_shadow_style=\u00bbpreset7&#8243; box_shadow_horizontal=\u00bb0px\u00bb box_shadow_vertical=\u00bb154px\u00bb box_shadow_color=\u00bbrgba(0,99,79,0)\u00bb width=\u00bb87%\u00bb module_alignment=\u00bbcenter\u00bb min_height=\u00bb98px\u00bb locked=\u00bboff\u00bb][et_pb_column type=\u00bb4_4&#8243; _builder_version=\u00bb3.22.5&#8243;][et_pb_button button_url=\u00bb\/nuevo\/contacto\/\u00bb button_text=\u00bbCont\u00e1ctanos \u00bb button_alignment=\u00bbcenter\u00bb _builder_version=\u00bb3.24.1&#8243; custom_button=\u00bbon\u00bb button_text_size=\u00bb21px\u00bb button_text_color=\u00bb#2c5e0b\u00bb button_bg_color=\u00bb#e5d472&#8243; button_border_width=\u00bb3px\u00bb button_border_color=\u00bbrgba(0,0,0,0)\u00bb button_border_radius=\u00bb7px\u00bb button_letter_spacing=\u00bb2px\u00bb button_font=\u00bbArial|600||||on|||\u00bb button_use_icon=\u00bboff\u00bb box_shadow_style=\u00bbpreset2&#8243; box_shadow_blur=\u00bb8px\u00bb box_shadow_spread=\u00bb1px\u00bb custom_margin=\u00bb|||||\u00bb custom_padding=\u00bb|||||\u00bb locked=\u00bboff\u00bb][\/et_pb_button][\/et_pb_column][\/et_pb_row][\/et_pb_section][et_pb_section fb_built=\u00bb1&#8243; fullwidth=\u00bbon\u00bb _builder_version=\u00bb3.24.1&#8243;][et_pb_fullwidth_image src=\u00bbhttps:\/\/corporacionpba.org\/nuevo\/wp-content\/uploads\/2020\/05\/separador-rough2-VDE2.png\u00bb _builder_version=\u00bb3.24.1&#8243;][\/et_pb_fullwidth_image][\/et_pb_section]<\/p>\n","protected":false},"excerpt":{"rendered":"<p>[et_pb_section fb_built=\u00bb1&#8243; custom_padding_last_edited=\u00bbon|tablet\u00bb admin_label=\u00bbHeader\u00bb _builder_version=\u00bb3.24.1&#8243; background_color=\u00bbrgba(244,195,102,0.87)\u00bb background_position=\u00bbbottom_center\u00bb custom_padding=\u00bb0px||0vw|||\u00bb custom_padding_tablet=\u00bb0px||0vw|||\u00bb custom_padding_phone=\u00bb0px|||\u00bb locked=\u00bboff\u00bb][et_pb_row custom_padding=\u00bb|30px||30px||true\u00bb custom_padding_tablet=\u00bb20px|30px||30px||true\u00bb custom_padding_phone=\u00bb29px|30px||30px||true\u00bb custom_margin=\u00bb|||\u00bb custom_padding_last_edited=\u00bbon|desktop\u00bb padding_2_tablet=\u00bb16px||\u00bb padding_1_last_edited=\u00bboff|desktop\u00bb padding_2_last_edited=\u00bbon|desktop\u00bb _builder_version=\u00bb3.24.1&#8243; box_shadow_style=\u00bbpreset7&#8243; box_shadow_horizontal=\u00bb0px\u00bb box_shadow_vertical=\u00bb154px\u00bb box_shadow_color=\u00bbrgba(255,255,255,0.61)\u00bb][et_pb_column type=\u00bb1_4&#8243; _builder_version=\u00bb3.22.5&#8243;][et_pb_text _builder_version=\u00bb3.24.1&#8243; text_font=\u00bbRoboto|700|||||||\u00bb text_text_color=\u00bb#74ba57&#8243; text_font_size=\u00bb18px\u00bb text_line_height=\u00bb1.8em\u00bb locked=\u00bboff\u00bb] Haz una donaci\u00f3n [\/et_pb_text][\/et_pb_column][et_pb_column type=\u00bb3_4&#8243; _builder_version=\u00bb3.22.5&#8243;][et_pb_text _builder_version=\u00bb3.24.1&#8243; text_font=\u00bb||||||||\u00bb header_font=\u00bbLora||||||||\u00bb header_text_color=\u00bb#256158&#8243; header_font_size=\u00bb78px\u00bb header_letter_spacing=\u00bb-1px\u00bb custom_margin=\u00bb-42px|||||\u00bb custom_padding=\u00bb29px|||||\u00bb header_font_size_tablet=\u00bb56px\u00bb header_font_size_phone=\u00bb33px\u00bb header_font_size_last_edited=\u00bbon|phone\u00bb locked=\u00bboff\u00bb] T\u00fa Puedes \u00a0 \u00a0 Ayudar [&hellip;]<\/p>\n","protected":false},"author":1,"featured_media":0,"parent":0,"menu_order":0,"comment_status":"closed","ping_status":"closed","template":"","meta":{"_et_pb_use_builder":"on","_et_pb_old_content":"","footnotes":""},"class_list":["post-157","page","type-page","status-publish","hentry"],"yoast_head":"<!-- This site is optimized with the Yoast SEO plugin v27.2 - https:\/\/yoast.com\/product\/yoast-seo-wordpress\/ -->\n<title>Donaciones - Corporacion PBA<\/title>\n<meta name=\"robots\" content=\"index, follow, max-snippet:-1, max-image-preview:large, max-video-preview:-1\" \/>\n<link rel=\"canonical\" href=\"https:\/\/corporacionpba.org\/nuevo\/donaciones\/\" \/>\n<meta property=\"og:locale\" content=\"es_ES\" \/>\n<meta property=\"og:type\" content=\"article\" \/>\n<meta property=\"og:title\" content=\"Donaciones - Corporacion PBA\" \/>\n<meta property=\"og:description\" content=\"[et_pb_section fb_built=\u00bb1&#8243; custom_padding_last_edited=\u00bbon|tablet\u00bb admin_label=\u00bbHeader\u00bb _builder_version=\u00bb3.24.1&#8243; background_color=\u00bbrgba(244,195,102,0.87)\u00bb background_position=\u00bbbottom_center\u00bb custom_padding=\u00bb0px||0vw|||\u00bb custom_padding_tablet=\u00bb0px||0vw|||\u00bb custom_padding_phone=\u00bb0px|||\u00bb locked=\u00bboff\u00bb][et_pb_row custom_padding=\u00bb|30px||30px||true\u00bb custom_padding_tablet=\u00bb20px|30px||30px||true\u00bb custom_padding_phone=\u00bb29px|30px||30px||true\u00bb custom_margin=\u00bb|||\u00bb custom_padding_last_edited=\u00bbon|desktop\u00bb padding_2_tablet=\u00bb16px||\u00bb padding_1_last_edited=\u00bboff|desktop\u00bb padding_2_last_edited=\u00bbon|desktop\u00bb _builder_version=\u00bb3.24.1&#8243; box_shadow_style=\u00bbpreset7&#8243; box_shadow_horizontal=\u00bb0px\u00bb box_shadow_vertical=\u00bb154px\u00bb box_shadow_color=\u00bbrgba(255,255,255,0.61)\u00bb][et_pb_column type=\u00bb1_4&#8243; _builder_version=\u00bb3.22.5&#8243;][et_pb_text _builder_version=\u00bb3.24.1&#8243; text_font=\u00bbRoboto|700|||||||\u00bb text_text_color=\u00bb#74ba57&#8243; text_font_size=\u00bb18px\u00bb text_line_height=\u00bb1.8em\u00bb locked=\u00bboff\u00bb] Haz una donaci\u00f3n [\/et_pb_text][\/et_pb_column][et_pb_column type=\u00bb3_4&#8243; _builder_version=\u00bb3.22.5&#8243;][et_pb_text _builder_version=\u00bb3.24.1&#8243; text_font=\u00bb||||||||\u00bb header_font=\u00bbLora||||||||\u00bb header_text_color=\u00bb#256158&#8243; header_font_size=\u00bb78px\u00bb header_letter_spacing=\u00bb-1px\u00bb custom_margin=\u00bb-42px|||||\u00bb custom_padding=\u00bb29px|||||\u00bb header_font_size_tablet=\u00bb56px\u00bb header_font_size_phone=\u00bb33px\u00bb header_font_size_last_edited=\u00bbon|phone\u00bb locked=\u00bboff\u00bb] T\u00fa Puedes \u00a0 \u00a0 Ayudar [&hellip;]\" \/>\n<meta property=\"og:url\" content=\"https:\/\/corporacionpba.org\/nuevo\/donaciones\/\" \/>\n<meta property=\"og:site_name\" content=\"Corporacion PBA\" \/>\n<meta property=\"article:modified_time\" content=\"2020-06-22T02:35:35+00:00\" \/>\n<meta property=\"og:image\" content=\"https:\/\/www.paypal.com\/en_CO\/i\/scr\/pixel.gif\" \/>\n<meta name=\"twitter:card\" content=\"summary_large_image\" \/>\n<meta name=\"twitter:label1\" content=\"Tiempo de lectura\" \/>\n\t<meta name=\"twitter:data1\" content=\"7 minutos\" \/>\n<script type=\"application\/ld+json\" class=\"yoast-schema-graph\">{\"@context\":\"https:\/\/schema.org\",\"@graph\":[{\"@type\":\"WebPage\",\"@id\":\"https:\/\/corporacionpba.org\/nuevo\/donaciones\/\",\"url\":\"https:\/\/corporacionpba.org\/nuevo\/donaciones\/\",\"name\":\"Donaciones - Corporacion PBA\",\"isPartOf\":{\"@id\":\"https:\/\/corporacionpba.org\/nuevo\/#website\"},\"primaryImageOfPage\":{\"@id\":\"https:\/\/corporacionpba.org\/nuevo\/donaciones\/#primaryimage\"},\"image\":{\"@id\":\"https:\/\/corporacionpba.org\/nuevo\/donaciones\/#primaryimage\"},\"thumbnailUrl\":\"https:\/\/www.paypal.com\/en_CO\/i\/scr\/pixel.gif\",\"datePublished\":\"2020-05-16T15:52:06+00:00\",\"dateModified\":\"2020-06-22T02:35:35+00:00\",\"breadcrumb\":{\"@id\":\"https:\/\/corporacionpba.org\/nuevo\/donaciones\/#breadcrumb\"},\"inLanguage\":\"es\",\"potentialAction\":[{\"@type\":\"ReadAction\",\"target\":[\"https:\/\/corporacionpba.org\/nuevo\/donaciones\/\"]}]},{\"@type\":\"ImageObject\",\"inLanguage\":\"es\",\"@id\":\"https:\/\/corporacionpba.org\/nuevo\/donaciones\/#primaryimage\",\"url\":\"https:\/\/www.paypal.com\/en_CO\/i\/scr\/pixel.gif\",\"contentUrl\":\"https:\/\/www.paypal.com\/en_CO\/i\/scr\/pixel.gif\"},{\"@type\":\"BreadcrumbList\",\"@id\":\"https:\/\/corporacionpba.org\/nuevo\/donaciones\/#breadcrumb\",\"itemListElement\":[{\"@type\":\"ListItem\",\"position\":1,\"name\":\"Portada\",\"item\":\"https:\/\/corporacionpba.org\/nuevo\/\"},{\"@type\":\"ListItem\",\"position\":2,\"name\":\"Donaciones\"}]},{\"@type\":\"WebSite\",\"@id\":\"https:\/\/corporacionpba.org\/nuevo\/#website\",\"url\":\"https:\/\/corporacionpba.org\/nuevo\/\",\"name\":\"Corporacion PBA\",\"description\":\"Innovaci&oacute;n Rural para el Desarrollo\",\"potentialAction\":[{\"@type\":\"SearchAction\",\"target\":{\"@type\":\"EntryPoint\",\"urlTemplate\":\"https:\/\/corporacionpba.org\/nuevo\/?s={search_term_string}\"},\"query-input\":{\"@type\":\"PropertyValueSpecification\",\"valueRequired\":true,\"valueName\":\"search_term_string\"}}],\"inLanguage\":\"es\"}]}<\/script>\n<!-- \/ Yoast SEO plugin. -->","yoast_head_json":{"title":"Donaciones - Corporacion PBA","robots":{"index":"index","follow":"follow","max-snippet":"max-snippet:-1","max-image-preview":"max-image-preview:large","max-video-preview":"max-video-preview:-1"},"canonical":"https:\/\/corporacionpba.org\/nuevo\/donaciones\/","og_locale":"es_ES","og_type":"article","og_title":"Donaciones - Corporacion PBA","og_description":"[et_pb_section fb_built=\u00bb1&#8243; custom_padding_last_edited=\u00bbon|tablet\u00bb admin_label=\u00bbHeader\u00bb _builder_version=\u00bb3.24.1&#8243; background_color=\u00bbrgba(244,195,102,0.87)\u00bb background_position=\u00bbbottom_center\u00bb custom_padding=\u00bb0px||0vw|||\u00bb custom_padding_tablet=\u00bb0px||0vw|||\u00bb custom_padding_phone=\u00bb0px|||\u00bb locked=\u00bboff\u00bb][et_pb_row custom_padding=\u00bb|30px||30px||true\u00bb custom_padding_tablet=\u00bb20px|30px||30px||true\u00bb custom_padding_phone=\u00bb29px|30px||30px||true\u00bb custom_margin=\u00bb|||\u00bb custom_padding_last_edited=\u00bbon|desktop\u00bb padding_2_tablet=\u00bb16px||\u00bb padding_1_last_edited=\u00bboff|desktop\u00bb padding_2_last_edited=\u00bbon|desktop\u00bb _builder_version=\u00bb3.24.1&#8243; box_shadow_style=\u00bbpreset7&#8243; box_shadow_horizontal=\u00bb0px\u00bb box_shadow_vertical=\u00bb154px\u00bb box_shadow_color=\u00bbrgba(255,255,255,0.61)\u00bb][et_pb_column type=\u00bb1_4&#8243; _builder_version=\u00bb3.22.5&#8243;][et_pb_text _builder_version=\u00bb3.24.1&#8243; text_font=\u00bbRoboto|700|||||||\u00bb text_text_color=\u00bb#74ba57&#8243; text_font_size=\u00bb18px\u00bb text_line_height=\u00bb1.8em\u00bb locked=\u00bboff\u00bb] Haz una donaci\u00f3n [\/et_pb_text][\/et_pb_column][et_pb_column type=\u00bb3_4&#8243; _builder_version=\u00bb3.22.5&#8243;][et_pb_text _builder_version=\u00bb3.24.1&#8243; text_font=\u00bb||||||||\u00bb header_font=\u00bbLora||||||||\u00bb header_text_color=\u00bb#256158&#8243; header_font_size=\u00bb78px\u00bb header_letter_spacing=\u00bb-1px\u00bb custom_margin=\u00bb-42px|||||\u00bb custom_padding=\u00bb29px|||||\u00bb header_font_size_tablet=\u00bb56px\u00bb header_font_size_phone=\u00bb33px\u00bb header_font_size_last_edited=\u00bbon|phone\u00bb locked=\u00bboff\u00bb] T\u00fa Puedes \u00a0 \u00a0 Ayudar [&hellip;]","og_url":"https:\/\/corporacionpba.org\/nuevo\/donaciones\/","og_site_name":"Corporacion PBA","article_modified_time":"2020-06-22T02:35:35+00:00","og_image":[{"url":"https:\/\/www.paypal.com\/en_CO\/i\/scr\/pixel.gif","type":"","width":"","height":""}],"twitter_card":"summary_large_image","twitter_misc":{"Tiempo de lectura":"7 minutos"},"schema":{"@context":"https:\/\/schema.org","@graph":[{"@type":"WebPage","@id":"https:\/\/corporacionpba.org\/nuevo\/donaciones\/","url":"https:\/\/corporacionpba.org\/nuevo\/donaciones\/","name":"Donaciones - Corporacion PBA","isPartOf":{"@id":"https:\/\/corporacionpba.org\/nuevo\/#website"},"primaryImageOfPage":{"@id":"https:\/\/corporacionpba.org\/nuevo\/donaciones\/#primaryimage"},"image":{"@id":"https:\/\/corporacionpba.org\/nuevo\/donaciones\/#primaryimage"},"thumbnailUrl":"https:\/\/www.paypal.com\/en_CO\/i\/scr\/pixel.gif","datePublished":"2020-05-16T15:52:06+00:00","dateModified":"2020-06-22T02:35:35+00:00","breadcrumb":{"@id":"https:\/\/corporacionpba.org\/nuevo\/donaciones\/#breadcrumb"},"inLanguage":"es","potentialAction":[{"@type":"ReadAction","target":["https:\/\/corporacionpba.org\/nuevo\/donaciones\/"]}]},{"@type":"ImageObject","inLanguage":"es","@id":"https:\/\/corporacionpba.org\/nuevo\/donaciones\/#primaryimage","url":"https:\/\/www.paypal.com\/en_CO\/i\/scr\/pixel.gif","contentUrl":"https:\/\/www.paypal.com\/en_CO\/i\/scr\/pixel.gif"},{"@type":"BreadcrumbList","@id":"https:\/\/corporacionpba.org\/nuevo\/donaciones\/#breadcrumb","itemListElement":[{"@type":"ListItem","position":1,"name":"Portada","item":"https:\/\/corporacionpba.org\/nuevo\/"},{"@type":"ListItem","position":2,"name":"Donaciones"}]},{"@type":"WebSite","@id":"https:\/\/corporacionpba.org\/nuevo\/#website","url":"https:\/\/corporacionpba.org\/nuevo\/","name":"Corporacion PBA","description":"Innovaci&oacute;n Rural para el Desarrollo","potentialAction":[{"@type":"SearchAction","target":{"@type":"EntryPoint","urlTemplate":"https:\/\/corporacionpba.org\/nuevo\/?s={search_term_string}"},"query-input":{"@type":"PropertyValueSpecification","valueRequired":true,"valueName":"search_term_string"}}],"inLanguage":"es"}]}},"_links":{"self":[{"href":"https:\/\/corporacionpba.org\/nuevo\/wp-json\/wp\/v2\/pages\/157","targetHints":{"allow":["GET"]}}],"collection":[{"href":"https:\/\/corporacionpba.org\/nuevo\/wp-json\/wp\/v2\/pages"}],"about":[{"href":"https:\/\/corporacionpba.org\/nuevo\/wp-json\/wp\/v2\/types\/page"}],"author":[{"embeddable":true,"href":"https:\/\/corporacionpba.org\/nuevo\/wp-json\/wp\/v2\/users\/1"}],"replies":[{"embeddable":true,"href":"https:\/\/corporacionpba.org\/nuevo\/wp-json\/wp\/v2\/comments?post=157"}],"version-history":[{"count":31,"href":"https:\/\/corporacionpba.org\/nuevo\/wp-json\/wp\/v2\/pages\/157\/revisions"}],"predecessor-version":[{"id":970,"href":"https:\/\/corporacionpba.org\/nuevo\/wp-json\/wp\/v2\/pages\/157\/revisions\/970"}],"wp:attachment":[{"href":"https:\/\/corporacionpba.org\/nuevo\/wp-json\/wp\/v2\/media?parent=157"}],"curies":[{"name":"wp","href":"https:\/\/api.w.org\/{rel}","templated":true}]}}